{"id":714,"date":"2019-06-12T14:11:05","date_gmt":"2019-06-12T12:11:05","guid":{"rendered":"https:\/\/www.nenette.fr\/videos\/"},"modified":"2020-06-18T14:32:52","modified_gmt":"2020-06-18T12:32:52","slug":"videos","status":"publish","type":"page","link":"https:\/\/www.nenette.fr\/en\/videos\/","title":{"rendered":"Our N\u00e9nette videos"},"content":{"rendered":"<div class=\"fusion-fullwidth fullwidth-box fusion-builder-row-1 nonhundred-percent-fullwidth non-hundred-percent-height-scrolling fusion-equal-height-columns\" style=\"background-color: rgba(255,255,255,0);background-position: center center;background-repeat: no-repeat;padding-top:0px;padding-right:0px;padding-bottom:0px;padding-left:0px;margin-bottom: 50px;margin-top: 0px;border-width: 0px 0px 0px 0px;border-color:#eae9e9;border-style:solid;\" ><div class=\"fusion-builder-row fusion-row\"><div class=\"fusion-layout-column fusion_builder_column fusion-builder-column-0 fusion_builder_column_1_2 1_2 fusion-one-half fusion-column-first\" style=\"margin-top:0px;margin-bottom:0px;\"><div class=\"fusion-column-wrapper fusion-flex-column-wrapper-legacy\" style=\"background-position:left top;background-repeat:no-repeat;-webkit-background-size:cover;-moz-background-size:cover;-o-background-size:cover;background-size:cover;padding: 0px 0px 0px 0px;\"><span class=\" fusion-imageframe imageframe-none imageframe-1 hover-type-none fusion-animated\" style=\"margin-left:25px;float:right;\" data-animationType=\"slideInLeft\" data-animationDuration=\"0.3\" data-animationOffset=\"100%\"><img decoding=\"async\" width=\"571\" height=\"1181\" title=\"Nenette_videos\" src=\"https:\/\/www.nenette.fr\/wp-content\/uploads\/2019\/06\/Nenette_videos-1.jpg\" class=\"img-responsive wp-image-669\" srcset=\"https:\/\/www.nenette.fr\/wp-content\/uploads\/2019\/06\/Nenette_videos-1-200x414.jpg 200w, https:\/\/www.nenette.fr\/wp-content\/uploads\/2019\/06\/Nenette_videos-1-400x827.jpg 400w, https:\/\/www.nenette.fr\/wp-content\/uploads\/2019\/06\/Nenette_videos-1.jpg 571w\" sizes=\"(max-width: 800px) 100vw, 571px\" \/><\/span><div class=\"fusion-clearfix\"><\/div><\/div><\/div><div class=\"fusion-layout-column fusion_builder_column fusion-builder-column-1 fusion_builder_column_1_2 1_2 fusion-one-half fusion-column-last titrevideo\" style=\"margin-top:0px;margin-bottom:0px;\"><div class=\"fusion-column-wrapper fusion-flex-column-wrapper-legacy\" style=\"background-position:left top;background-repeat:no-repeat;-webkit-background-size:cover;-moz-background-size:cover;-o-background-size:cover;background-size:cover;padding: 0px 0px 0px 0px;\"><div class=\"fusion-column-content-centered\"><div class=\"fusion-column-content\"><style type=\"text\/css\"><\/style><div class=\"fusion-title title fusion-title-1 fusion-title-text fusion-title-size-one\" style=\"margin-top:0px;margin-bottom:10px;\"><h1 class=\"title-heading-left\" style=\"margin:0;\"><h2 style=\"font-family: Lobster, cursive; font-size: 28px; text-transform: none; --fontsize: 30; line-height: 1.5;\">N\u00e9nette the movie<\/h2><\/h1><div class=\"title-sep-container\"><div class=\"title-sep sep-single sep-solid\" style=\"border-color:#e0dede;\"><\/div><\/div><\/div><div class=\"fusion-video fusion-youtube fusion-aligncenter\" style=\"max-width:600px;max-height:360px; width:100%\"><div class=\"video-shortcode\"><iframe title=\"YouTube video player\" src=\"https:\/\/www.youtube.com\/embed\/fWFLkWH_nhs?wmode=transparent&autoplay=0&amp;rel=0\" width=\"600\" height=\"360\" allowfullscreen allow=\"autoplay; fullscreen\"><\/iframe><\/div><\/div><div class=\"fusion-sep-clear\"><\/div><div class=\"fusion-separator fusion-full-width-sep\" style=\"margin-left: auto;margin-right: auto;margin-bottom:40px;width:100%;\"><\/div><div class=\"fusion-sep-clear\"><\/div><style type=\"text\/css\"><\/style><div class=\"fusion-title title fusion-title-2 fusion-title-text fusion-title-size-one\" style=\"margin-top:20px;margin-bottom:10px;\"><h1 class=\"title-heading-left\" style=\"margin:0;\"><h2 style=\"font-family: Lobster, cursive; font-size: 28px; text-transform: none; --fontsize: 30; line-height: 1.5;\">N\u00e9nette, the special car polisher<\/h2><\/h1><div class=\"title-sep-container\"><div class=\"title-sep sep-single sep-solid\" style=\"border-color:#e0dede;\"><\/div><\/div><\/div><div class=\"fusion-video fusion-youtube fusion-aligncenter\" style=\"max-width:600px;max-height:360px; width:100%\"><div class=\"video-shortcode\"><iframe title=\"YouTube video player\" src=\"https:\/\/www.youtube.com\/embed\/6eAgcNWYY-c?wmode=transparent&autoplay=0&amp;rel=0\" width=\"600\" height=\"360\" allowfullscreen allow=\"autoplay; fullscreen\"><\/iframe><\/div><\/div><div class=\"fusion-sep-clear\"><\/div><div class=\"fusion-separator fusion-full-width-sep\" style=\"margin-left: auto;margin-right: auto;margin-bottom:40px;width:100%;\"><\/div><div class=\"fusion-sep-clear\"><\/div><style type=\"text\/css\"><\/style><div class=\"fusion-title title fusion-title-3 fusion-title-text fusion-title-size-one\" style=\"margin-top:20px;margin-bottom:10px;\"><h1 class=\"title-heading-left\" style=\"margin:0;\"><h2 style=\"font-family: Lobster, cursive; font-size: 28px; text-transform: none; --fontsize: 30; line-height: 1.5;\">N\u00e9nette, the real impregnated polisher for cars<\/h2><\/h1><div class=\"title-sep-container\"><div class=\"title-sep sep-single sep-solid\" style=\"border-color:#e0dede;\"><\/div><\/div><\/div><div class=\"fusion-video fusion-youtube fusion-aligncenter\" style=\"max-width:600px;max-height:360px; width:100%\"><div class=\"video-shortcode\"><iframe title=\"YouTube video player\" src=\"https:\/\/www.youtube.com\/embed\/6mgiiI5DFJg?wmode=transparent&autoplay=0&amp;rel=0\" width=\"600\" height=\"360\" allowfullscreen allow=\"autoplay; fullscreen\"><\/iframe><\/div><\/div><div class=\"fusion-sep-clear\"><\/div><div class=\"fusion-separator fusion-full-width-sep\" style=\"margin-left: auto;margin-right: auto;margin-bottom:40px;width:100%;\"><\/div><div class=\"fusion-sep-clear\"><\/div><style type=\"text\/css\"><\/style><div class=\"fusion-title title fusion-title-4 fusion-title-text fusion-title-size-one\" style=\"margin-top:20px;margin-bottom:10px;\"><h1 class=\"title-heading-left\" style=\"margin:0;\"><h2 style=\"font-family: Lobster, cursive; font-size: 28px; text-transform: none; --fontsize: 30; line-height: 1.5;\">Film extract: &#8220;someone good&#8221; N\u00e9nette<\/h2><\/h1><div class=\"title-sep-container\"><div class=\"title-sep sep-single sep-solid\" style=\"border-color:#e0dede;\"><\/div><\/div><\/div><div class=\"fusion-video fusion-youtube fusion-aligncenter\" style=\"max-width:600px;max-height:360px; width:100%\"><div class=\"video-shortcode\"><iframe title=\"YouTube video player\" src=\"https:\/\/www.youtube.com\/embed\/b_li64DPYPQ?wmode=transparent&autoplay=0&amp;rel=0\" width=\"600\" height=\"360\" allowfullscreen allow=\"autoplay; fullscreen\"><\/iframe><\/div><\/div><div class=\"fusion-sep-clear\"><\/div><div class=\"fusion-separator fusion-full-width-sep\" style=\"margin-left: auto;margin-right: auto;margin-bottom:40px;width:100%;\"><\/div><div class=\"fusion-sep-clear\"><\/div><style type=\"text\/css\"><\/style><div class=\"fusion-title title fusion-title-5 fusion-title-text fusion-title-size-one\" style=\"margin-top:20px;margin-bottom:10px;\"><h1 class=\"title-heading-left\" style=\"margin:0;\"><h2 style=\"font-family: Lobster, cursive; font-size: 28px; text-transform: none; --fontsize: 30; line-height: 1.5;\">Film extract: \u201cthe antidote\u201d N\u00e9nette<\/h2><\/h1><div class=\"title-sep-container\"><div class=\"title-sep sep-single sep-solid\" style=\"border-color:#e0dede;\"><\/div><\/div><\/div><div class=\"fusion-video fusion-youtube fusion-aligncenter\" style=\"max-width:600px;max-height:360px; width:100%\"><div class=\"video-shortcode\"><iframe title=\"YouTube video player\" src=\"https:\/\/www.youtube.com\/embed\/rQfWeR79vhQ?wmode=transparent&autoplay=0&amp;rel=0\" width=\"600\" height=\"360\" allowfullscreen allow=\"autoplay; fullscreen\"><\/iframe><\/div><\/div><\/div><\/div><div class=\"fusion-clearfix\"><\/div><\/div><\/div><\/div><\/div>\n","protected":false},"excerpt":{"rendered":"","protected":false},"author":1,"featured_media":0,"parent":0,"menu_order":0,"comment_status":"closed","ping_status":"closed","template":"100-width.php","meta":[],"acf":[],"yoast_head":"<!-- This site is optimized with the Yoast SEO plugin v19.14 - https:\/\/yoast.com\/wordpress\/plugins\/seo\/ -->\n<title>Our N\u00e9nette videos - La V\u00e9ritable N\u00e9nette\u00ae<\/title>\n<meta name=\"description\" content=\"- nettoyant pour voiture\" \/>\n<meta name=\"robots\" content=\"index, follow, max-snippet:-1, max-image-preview:large, max-video-preview:-1\" \/>\n<link rel=\"canonical\" href=\"https:\/\/www.nenette.fr\/en\/videos\/\" \/>\n<meta property=\"og:locale\" content=\"en_US\" \/>\n<meta property=\"og:type\" content=\"article\" \/>\n<meta property=\"og:title\" content=\"Our N\u00e9nette videos - La V\u00e9ritable N\u00e9nette\u00ae\" \/>\n<meta property=\"og:description\" content=\"- nettoyant pour voiture\" \/>\n<meta property=\"og:url\" content=\"https:\/\/www.nenette.fr\/en\/videos\/\" \/>\n<meta property=\"og:site_name\" content=\"La V\u00e9ritable N\u00e9nette\u00ae\" \/>\n<meta property=\"article:publisher\" content=\"https:\/\/www.facebook.com\/laveritablenenette\/\" \/>\n<meta property=\"article:modified_time\" content=\"2020-06-18T12:32:52+00:00\" \/>\n<meta property=\"og:image\" content=\"https:\/\/www.nenette.fr\/wp-content\/uploads\/2019\/03\/logo_nenette.gif\" \/>\n\t<meta property=\"og:image:width\" content=\"250\" \/>\n\t<meta property=\"og:image:height\" content=\"126\" \/>\n\t<meta property=\"og:image:type\" content=\"image\/gif\" \/>\n<meta name=\"twitter:card\" content=\"summary_large_image\" \/>\n<meta name=\"twitter:label1\" content=\"Est. reading time\" \/>\n\t<meta name=\"twitter:data1\" content=\"6 minutes\" \/>\n<script type=\"application\/ld+json\" class=\"yoast-schema-graph\">{\"@context\":\"https:\/\/schema.org\",\"@graph\":[{\"@type\":\"WebPage\",\"@id\":\"https:\/\/www.nenette.fr\/en\/videos\/\",\"url\":\"https:\/\/www.nenette.fr\/en\/videos\/\",\"name\":\"Our N\u00e9nette videos - La V\u00e9ritable N\u00e9nette\u00ae\",\"isPartOf\":{\"@id\":\"https:\/\/www.nenette.fr\/en\/#website\"},\"datePublished\":\"2019-06-12T12:11:05+00:00\",\"dateModified\":\"2020-06-18T12:32:52+00:00\",\"description\":\"- nettoyant pour voiture\",\"breadcrumb\":{\"@id\":\"https:\/\/www.nenette.fr\/en\/videos\/#breadcrumb\"},\"inLanguage\":\"en-US\",\"potentialAction\":[{\"@type\":\"ReadAction\",\"target\":[\"https:\/\/www.nenette.fr\/en\/videos\/\"]}]},{\"@type\":\"BreadcrumbList\",\"@id\":\"https:\/\/www.nenette.fr\/en\/videos\/#breadcrumb\",\"itemListElement\":[{\"@type\":\"ListItem\",\"position\":1,\"name\":\"Accueil\",\"item\":\"https:\/\/www.nenette.fr\/en\/\"},{\"@type\":\"ListItem\",\"position\":2,\"name\":\"Our N\u00e9nette videos\"}]},{\"@type\":\"WebSite\",\"@id\":\"https:\/\/www.nenette.fr\/en\/#website\",\"url\":\"https:\/\/www.nenette.fr\/en\/\",\"name\":\"La V\u00e9ritable N\u00e9nette\u00ae\",\"description\":\"nettoyant pour voiture\",\"publisher\":{\"@id\":\"https:\/\/www.nenette.fr\/en\/#organization\"},\"potentialAction\":[{\"@type\":\"SearchAction\",\"target\":{\"@type\":\"EntryPoint\",\"urlTemplate\":\"https:\/\/www.nenette.fr\/en\/?s={search_term_string}\"},\"query-input\":\"required name=search_term_string\"}],\"inLanguage\":\"en-US\"},{\"@type\":\"Organization\",\"@id\":\"https:\/\/www.nenette.fr\/en\/#organization\",\"name\":\"La V\u00e9ritable N\u00e9nette\",\"url\":\"https:\/\/www.nenette.fr\/en\/\",\"logo\":{\"@type\":\"ImageObject\",\"inLanguage\":\"en-US\",\"@id\":\"https:\/\/www.nenette.fr\/en\/#\/schema\/logo\/image\/\",\"url\":\"https:\/\/www.nenette.fr\/wp-content\/uploads\/2019\/03\/logo_nenette.gif\",\"contentUrl\":\"https:\/\/www.nenette.fr\/wp-content\/uploads\/2019\/03\/logo_nenette.gif\",\"width\":250,\"height\":126,\"caption\":\"La V\u00e9ritable N\u00e9nette\"},\"image\":{\"@id\":\"https:\/\/www.nenette.fr\/en\/#\/schema\/logo\/image\/\"},\"sameAs\":[\"https:\/\/www.instagram.com\/laveritablenenetteofficiel\/\",\"https:\/\/www.youtube.com\/channel\/UCn9hDVb2BAhEdjAzPGNfxAw\",\"https:\/\/www.facebook.com\/laveritablenenette\/\"]}]}<\/script>\n<!-- \/ Yoast SEO plugin. -->","yoast_head_json":{"title":"Our N\u00e9nette videos - La V\u00e9ritable N\u00e9nette\u00ae","description":"- nettoyant pour voiture","robots":{"index":"index","follow":"follow","max-snippet":"max-snippet:-1","max-image-preview":"max-image-preview:large","max-video-preview":"max-video-preview:-1"},"canonical":"https:\/\/www.nenette.fr\/en\/videos\/","og_locale":"en_US","og_type":"article","og_title":"Our N\u00e9nette videos - La V\u00e9ritable N\u00e9nette\u00ae","og_description":"- nettoyant pour voiture","og_url":"https:\/\/www.nenette.fr\/en\/videos\/","og_site_name":"La V\u00e9ritable N\u00e9nette\u00ae","article_publisher":"https:\/\/www.facebook.com\/laveritablenenette\/","article_modified_time":"2020-06-18T12:32:52+00:00","og_image":[{"width":250,"height":126,"url":"https:\/\/www.nenette.fr\/wp-content\/uploads\/2019\/03\/logo_nenette.gif","type":"image\/gif"}],"twitter_card":"summary_large_image","twitter_misc":{"Est. reading time":"6 minutes"},"schema":{"@context":"https:\/\/schema.org","@graph":[{"@type":"WebPage","@id":"https:\/\/www.nenette.fr\/en\/videos\/","url":"https:\/\/www.nenette.fr\/en\/videos\/","name":"Our N\u00e9nette videos - La V\u00e9ritable N\u00e9nette\u00ae","isPartOf":{"@id":"https:\/\/www.nenette.fr\/en\/#website"},"datePublished":"2019-06-12T12:11:05+00:00","dateModified":"2020-06-18T12:32:52+00:00","description":"- nettoyant pour voiture","breadcrumb":{"@id":"https:\/\/www.nenette.fr\/en\/videos\/#breadcrumb"},"inLanguage":"en-US","potentialAction":[{"@type":"ReadAction","target":["https:\/\/www.nenette.fr\/en\/videos\/"]}]},{"@type":"BreadcrumbList","@id":"https:\/\/www.nenette.fr\/en\/videos\/#breadcrumb","itemListElement":[{"@type":"ListItem","position":1,"name":"Accueil","item":"https:\/\/www.nenette.fr\/en\/"},{"@type":"ListItem","position":2,"name":"Our N\u00e9nette videos"}]},{"@type":"WebSite","@id":"https:\/\/www.nenette.fr\/en\/#website","url":"https:\/\/www.nenette.fr\/en\/","name":"La V\u00e9ritable N\u00e9nette\u00ae","description":"nettoyant pour voiture","publisher":{"@id":"https:\/\/www.nenette.fr\/en\/#organization"},"potentialAction":[{"@type":"SearchAction","target":{"@type":"EntryPoint","urlTemplate":"https:\/\/www.nenette.fr\/en\/?s={search_term_string}"},"query-input":"required name=search_term_string"}],"inLanguage":"en-US"},{"@type":"Organization","@id":"https:\/\/www.nenette.fr\/en\/#organization","name":"La V\u00e9ritable N\u00e9nette","url":"https:\/\/www.nenette.fr\/en\/","logo":{"@type":"ImageObject","inLanguage":"en-US","@id":"https:\/\/www.nenette.fr\/en\/#\/schema\/logo\/image\/","url":"https:\/\/www.nenette.fr\/wp-content\/uploads\/2019\/03\/logo_nenette.gif","contentUrl":"https:\/\/www.nenette.fr\/wp-content\/uploads\/2019\/03\/logo_nenette.gif","width":250,"height":126,"caption":"La V\u00e9ritable N\u00e9nette"},"image":{"@id":"https:\/\/www.nenette.fr\/en\/#\/schema\/logo\/image\/"},"sameAs":["https:\/\/www.instagram.com\/laveritablenenetteofficiel\/","https:\/\/www.youtube.com\/channel\/UCn9hDVb2BAhEdjAzPGNfxAw","https:\/\/www.facebook.com\/laveritablenenette\/"]}]}},"_links":{"self":[{"href":"https:\/\/www.nenette.fr\/en\/wp-json\/wp\/v2\/pages\/714"}],"collection":[{"href":"https:\/\/www.nenette.fr\/en\/wp-json\/wp\/v2\/pages"}],"about":[{"href":"https:\/\/www.nenette.fr\/en\/wp-json\/wp\/v2\/types\/page"}],"author":[{"embeddable":true,"href":"https:\/\/www.nenette.fr\/en\/wp-json\/wp\/v2\/users\/1"}],"replies":[{"embeddable":true,"href":"https:\/\/www.nenette.fr\/en\/wp-json\/wp\/v2\/comments?post=714"}],"version-history":[{"count":14,"href":"https:\/\/www.nenette.fr\/en\/wp-json\/wp\/v2\/pages\/714\/revisions"}],"predecessor-version":[{"id":123177,"href":"https:\/\/www.nenette.fr\/en\/wp-json\/wp\/v2\/pages\/714\/revisions\/123177"}],"wp:attachment":[{"href":"https:\/\/www.nenette.fr\/en\/wp-json\/wp\/v2\/media?parent=714"}],"curies":[{"name":"wp","href":"https:\/\/api.w.org\/{rel}","templated":true}]}}