{"id":750,"date":"2019-06-20T16:08:54","date_gmt":"2019-06-20T14:08:54","guid":{"rendered":"https:\/\/www.nenette.fr\/news\/"},"modified":"2020-06-18T14:33:58","modified_gmt":"2020-06-18T12:33:58","slug":"news","status":"publish","type":"page","link":"https:\/\/www.nenette.fr\/en\/news\/","title":{"rendered":"N\u00e9nette news"},"content":{"rendered":"<div class=\"fusion-fullwidth fullwidth-box fusion-builder-row-1 nonhundred-percent-fullwidth non-hundred-percent-height-scrolling\" style=\"background-color: rgba(255,255,255,0);background-position: center center;background-repeat: no-repeat;padding-top:0px;padding-right:0px;padding-bottom:0px;padding-left:0px;margin-bottom: 0px;margin-top: 0px;border-width: 0px 0px 0px 0px;border-color:#eae9e9;border-style:solid;\" ><div class=\"fusion-builder-row fusion-row\"><div class=\"fusion-layout-column fusion_builder_column fusion-builder-column-0 fusion_builder_column_1_1 1_1 fusion-one-full fusion-column-first fusion-column-last\" style=\"margin-top:0px;margin-bottom:20px;\"><div class=\"fusion-column-wrapper fusion-flex-column-wrapper-legacy\" style=\"background-position:left top;background-repeat:no-repeat;-webkit-background-size:cover;-moz-background-size:cover;-o-background-size:cover;background-size:cover;padding: 0px 0px 0px 0px;\"><div class=\"fusion-recent-posts fusion-recent-posts-1 avada-container layout-default layout-columns-2 fusion-recent-posts-left\"><section class=\"fusion-columns columns fusion-columns-2 columns-2\"><article class=\"post fusion-column column col col-lg-6 col-md-6 col-sm-6\"><div class=\"fusion-flexslider fusion-flexslider-loading flexslider flexslider-hover-type-none\"><ul class=\"slides\"><li><a href=\"https:\/\/www.nenette.fr\/en\/how-can-you-re-impregnate-your-nenette-with-the-liquid-polish\/\" aria-label=\"How can you re-impregnate your Nenette\u00ae with the liquid polish?\" class=\"hover-type-none\"><img width=\"700\" height=\"441\" src=\"https:\/\/www.nenette.fr\/wp-content\/uploads\/2019\/06\/nenette-tuto-recharge-post-700x441.jpg\" class=\"attachment-recent-posts size-recent-posts\" alt=\"\" decoding=\"async\" srcset=\"https:\/\/www.nenette.fr\/wp-content\/uploads\/2019\/06\/nenette-tuto-recharge-post-320x202.jpg 320w, https:\/\/www.nenette.fr\/wp-content\/uploads\/2019\/06\/nenette-tuto-recharge-post-700x441.jpg 700w\" sizes=\"(max-width: 700px) 100vw, 700px\" \/><\/a><\/li><\/ul><\/div><div class=\"recent-posts-content\"><span class=\"vcard\" style=\"display: none;\"><span class=\"fn\"><a href=\"https:\/\/www.nenette.fr\/en\/author\/agoolab\/\" title=\"Posts by La N\u00e9nette\" rel=\"author\">La N\u00e9nette<\/a><\/span><\/span><span class=\"updated\" style=\"display:none;\">2025-05-24T19:14:15+02:00<\/span><h4 class=\"entry-title\"><a href=\"https:\/\/www.nenette.fr\/en\/how-can-you-re-impregnate-your-nenette-with-the-liquid-polish\/\">How can you re-impregnate your Nenette\u00ae with the liquid polish?<\/a><\/h4><p> TUTORIAL How can you re-impregnate your Nenette with the liquid polish? 01 Untie the <a href=\"https:\/\/www.nenette.fr\/en\/how-can-you-re-impregnate-your-nenette-with-the-liquid-polish\/\">[...]<\/a><\/p><\/div><\/article><article class=\"post fusion-column column col col-lg-6 col-md-6 col-sm-6\"><div class=\"fusion-flexslider fusion-flexslider-loading flexslider flexslider-hover-type-none\"><ul class=\"slides\"><li><a href=\"https:\/\/www.nenette.fr\/en\/les-produits-nenette-certifies-ofg\/\" aria-label=\"Les produits N\u00e9nette \u00ae certifi\u00e9s \u00ab\u00a0OFG\u00a0\u00bb\" class=\"hover-type-none\"><img width=\"700\" height=\"441\" src=\"https:\/\/www.nenette.fr\/wp-content\/uploads\/2019\/03\/Nenette-OrigineFrancGarantie_visu-post-700x441.jpg\" class=\"attachment-recent-posts size-recent-posts\" alt=\"Nenette Origine France Garantie\" decoding=\"async\" srcset=\"https:\/\/www.nenette.fr\/wp-content\/uploads\/2019\/03\/Nenette-OrigineFrancGarantie_visu-post-320x202.jpg 320w, https:\/\/www.nenette.fr\/wp-content\/uploads\/2019\/03\/Nenette-OrigineFrancGarantie_visu-post-700x441.jpg 700w\" sizes=\"(max-width: 700px) 100vw, 700px\" \/><\/a><\/li><\/ul><\/div><div class=\"recent-posts-content\"><span class=\"vcard\" style=\"display: none;\"><span class=\"fn\"><a href=\"https:\/\/www.nenette.fr\/en\/author\/agoolab\/\" title=\"Posts by La N\u00e9nette\" rel=\"author\">La N\u00e9nette<\/a><\/span><\/span><span class=\"updated\" style=\"display:none;\">2025-05-24T19:13:22+02:00<\/span><h4 class=\"entry-title\"><a href=\"https:\/\/www.nenette.fr\/en\/les-produits-nenette-certifies-ofg\/\">Les produits N\u00e9nette <sup>\u00ae<\/sup> certifi\u00e9s \u00ab\u00a0OFG\u00a0\u00bb<\/a><\/h4><p>Origine France Garantie. En plus d\u2019\u00eatre une v\u00e9ritable ic\u00f4ne, la v\u00e9ritable N\u00e9nette\u00ae est certifi\u00e9e Origine <a href=\"https:\/\/www.nenette.fr\/en\/les-produits-nenette-certifies-ofg\/\">[...]<\/a><\/p><\/div><\/article><\/section><div class=\"pagination clearfix\"><span class=\"current\">1<\/span><a href=\"https:\/\/www.nenette.fr\/en\/wp-json\/wp\/v2\/pages\/750\/page\/2\/\" class=\"inactive\">2<\/a><a class=\"pagination-next\" rel=\"next\" href=\"https:\/\/www.nenette.fr\/en\/wp-json\/wp\/v2\/pages\/750\/page\/2\/\"><span class=\"page-text\">Next<\/span><span class=\"page-next\"><\/span><\/a><\/div><div class=\"fusion-clearfix\"><\/div><\/div><div class=\"fusion-clearfix\"><\/div><\/div><\/div><\/div><\/div>\n","protected":false},"excerpt":{"rendered":"<p>yes<\/p>\n","protected":false},"author":1,"featured_media":0,"parent":0,"menu_order":0,"comment_status":"closed","ping_status":"closed","template":"","meta":[],"acf":[],"yoast_head":"<!-- This site is optimized with the Yoast SEO plugin v19.14 - https:\/\/yoast.com\/wordpress\/plugins\/seo\/ -->\n<title>N\u00e9nette news - La V\u00e9ritable N\u00e9nette\u00ae<\/title>\n<meta name=\"description\" content=\"yes - nettoyant pour voiture\" \/>\n<meta name=\"robots\" content=\"index, follow, max-snippet:-1, max-image-preview:large, max-video-preview:-1\" \/>\n<link rel=\"canonical\" href=\"https:\/\/www.nenette.fr\/en\/news\/\" \/>\n<meta property=\"og:locale\" content=\"en_US\" \/>\n<meta property=\"og:type\" content=\"article\" \/>\n<meta property=\"og:title\" content=\"N\u00e9nette news - La V\u00e9ritable N\u00e9nette\u00ae\" \/>\n<meta property=\"og:description\" content=\"yes - nettoyant pour voiture\" \/>\n<meta property=\"og:url\" content=\"https:\/\/www.nenette.fr\/en\/news\/\" \/>\n<meta property=\"og:site_name\" content=\"La V\u00e9ritable N\u00e9nette\u00ae\" \/>\n<meta property=\"article:publisher\" content=\"https:\/\/www.facebook.com\/laveritablenenette\/\" \/>\n<meta property=\"article:modified_time\" content=\"2020-06-18T12:33:58+00:00\" \/>\n<meta property=\"og:image\" content=\"https:\/\/www.nenette.fr\/wp-content\/uploads\/2019\/03\/logo_nenette.gif\" \/>\n\t<meta property=\"og:image:width\" content=\"250\" \/>\n\t<meta property=\"og:image:height\" content=\"126\" \/>\n\t<meta property=\"og:image:type\" content=\"image\/gif\" \/>\n<meta name=\"twitter:card\" content=\"summary_large_image\" \/>\n<meta name=\"twitter:label1\" content=\"Est. reading time\" \/>\n\t<meta name=\"twitter:data1\" content=\"1 minute\" \/>\n<script type=\"application\/ld+json\" class=\"yoast-schema-graph\">{\"@context\":\"https:\/\/schema.org\",\"@graph\":[{\"@type\":\"WebPage\",\"@id\":\"https:\/\/www.nenette.fr\/en\/news\/\",\"url\":\"https:\/\/www.nenette.fr\/en\/news\/\",\"name\":\"N\u00e9nette news - La V\u00e9ritable N\u00e9nette\u00ae\",\"isPartOf\":{\"@id\":\"https:\/\/www.nenette.fr\/en\/#website\"},\"datePublished\":\"2019-06-20T14:08:54+00:00\",\"dateModified\":\"2020-06-18T12:33:58+00:00\",\"description\":\"yes - nettoyant pour voiture\",\"breadcrumb\":{\"@id\":\"https:\/\/www.nenette.fr\/en\/news\/#breadcrumb\"},\"inLanguage\":\"en-US\",\"potentialAction\":[{\"@type\":\"ReadAction\",\"target\":[\"https:\/\/www.nenette.fr\/en\/news\/\"]}]},{\"@type\":\"BreadcrumbList\",\"@id\":\"https:\/\/www.nenette.fr\/en\/news\/#breadcrumb\",\"itemListElement\":[{\"@type\":\"ListItem\",\"position\":1,\"name\":\"Accueil\",\"item\":\"https:\/\/www.nenette.fr\/en\/\"},{\"@type\":\"ListItem\",\"position\":2,\"name\":\"N\u00e9nette news\"}]},{\"@type\":\"WebSite\",\"@id\":\"https:\/\/www.nenette.fr\/en\/#website\",\"url\":\"https:\/\/www.nenette.fr\/en\/\",\"name\":\"La V\u00e9ritable N\u00e9nette\u00ae\",\"description\":\"nettoyant pour voiture\",\"publisher\":{\"@id\":\"https:\/\/www.nenette.fr\/en\/#organization\"},\"potentialAction\":[{\"@type\":\"SearchAction\",\"target\":{\"@type\":\"EntryPoint\",\"urlTemplate\":\"https:\/\/www.nenette.fr\/en\/?s={search_term_string}\"},\"query-input\":\"required name=search_term_string\"}],\"inLanguage\":\"en-US\"},{\"@type\":\"Organization\",\"@id\":\"https:\/\/www.nenette.fr\/en\/#organization\",\"name\":\"La V\u00e9ritable N\u00e9nette\",\"url\":\"https:\/\/www.nenette.fr\/en\/\",\"logo\":{\"@type\":\"ImageObject\",\"inLanguage\":\"en-US\",\"@id\":\"https:\/\/www.nenette.fr\/en\/#\/schema\/logo\/image\/\",\"url\":\"https:\/\/www.nenette.fr\/wp-content\/uploads\/2019\/03\/logo_nenette.gif\",\"contentUrl\":\"https:\/\/www.nenette.fr\/wp-content\/uploads\/2019\/03\/logo_nenette.gif\",\"width\":250,\"height\":126,\"caption\":\"La V\u00e9ritable N\u00e9nette\"},\"image\":{\"@id\":\"https:\/\/www.nenette.fr\/en\/#\/schema\/logo\/image\/\"},\"sameAs\":[\"https:\/\/www.instagram.com\/laveritablenenetteofficiel\/\",\"https:\/\/www.youtube.com\/channel\/UCn9hDVb2BAhEdjAzPGNfxAw\",\"https:\/\/www.facebook.com\/laveritablenenette\/\"]}]}<\/script>\n<!-- \/ Yoast SEO plugin. -->","yoast_head_json":{"title":"N\u00e9nette news - La V\u00e9ritable N\u00e9nette\u00ae","description":"yes - nettoyant pour voiture","robots":{"index":"index","follow":"follow","max-snippet":"max-snippet:-1","max-image-preview":"max-image-preview:large","max-video-preview":"max-video-preview:-1"},"canonical":"https:\/\/www.nenette.fr\/en\/news\/","og_locale":"en_US","og_type":"article","og_title":"N\u00e9nette news - La V\u00e9ritable N\u00e9nette\u00ae","og_description":"yes - nettoyant pour voiture","og_url":"https:\/\/www.nenette.fr\/en\/news\/","og_site_name":"La V\u00e9ritable N\u00e9nette\u00ae","article_publisher":"https:\/\/www.facebook.com\/laveritablenenette\/","article_modified_time":"2020-06-18T12:33:58+00:00","og_image":[{"width":250,"height":126,"url":"https:\/\/www.nenette.fr\/wp-content\/uploads\/2019\/03\/logo_nenette.gif","type":"image\/gif"}],"twitter_card":"summary_large_image","twitter_misc":{"Est. reading time":"1 minute"},"schema":{"@context":"https:\/\/schema.org","@graph":[{"@type":"WebPage","@id":"https:\/\/www.nenette.fr\/en\/news\/","url":"https:\/\/www.nenette.fr\/en\/news\/","name":"N\u00e9nette news - La V\u00e9ritable N\u00e9nette\u00ae","isPartOf":{"@id":"https:\/\/www.nenette.fr\/en\/#website"},"datePublished":"2019-06-20T14:08:54+00:00","dateModified":"2020-06-18T12:33:58+00:00","description":"yes - nettoyant pour voiture","breadcrumb":{"@id":"https:\/\/www.nenette.fr\/en\/news\/#breadcrumb"},"inLanguage":"en-US","potentialAction":[{"@type":"ReadAction","target":["https:\/\/www.nenette.fr\/en\/news\/"]}]},{"@type":"BreadcrumbList","@id":"https:\/\/www.nenette.fr\/en\/news\/#breadcrumb","itemListElement":[{"@type":"ListItem","position":1,"name":"Accueil","item":"https:\/\/www.nenette.fr\/en\/"},{"@type":"ListItem","position":2,"name":"N\u00e9nette news"}]},{"@type":"WebSite","@id":"https:\/\/www.nenette.fr\/en\/#website","url":"https:\/\/www.nenette.fr\/en\/","name":"La V\u00e9ritable N\u00e9nette\u00ae","description":"nettoyant pour voiture","publisher":{"@id":"https:\/\/www.nenette.fr\/en\/#organization"},"potentialAction":[{"@type":"SearchAction","target":{"@type":"EntryPoint","urlTemplate":"https:\/\/www.nenette.fr\/en\/?s={search_term_string}"},"query-input":"required name=search_term_string"}],"inLanguage":"en-US"},{"@type":"Organization","@id":"https:\/\/www.nenette.fr\/en\/#organization","name":"La V\u00e9ritable N\u00e9nette","url":"https:\/\/www.nenette.fr\/en\/","logo":{"@type":"ImageObject","inLanguage":"en-US","@id":"https:\/\/www.nenette.fr\/en\/#\/schema\/logo\/image\/","url":"https:\/\/www.nenette.fr\/wp-content\/uploads\/2019\/03\/logo_nenette.gif","contentUrl":"https:\/\/www.nenette.fr\/wp-content\/uploads\/2019\/03\/logo_nenette.gif","width":250,"height":126,"caption":"La V\u00e9ritable N\u00e9nette"},"image":{"@id":"https:\/\/www.nenette.fr\/en\/#\/schema\/logo\/image\/"},"sameAs":["https:\/\/www.instagram.com\/laveritablenenetteofficiel\/","https:\/\/www.youtube.com\/channel\/UCn9hDVb2BAhEdjAzPGNfxAw","https:\/\/www.facebook.com\/laveritablenenette\/"]}]}},"_links":{"self":[{"href":"https:\/\/www.nenette.fr\/en\/wp-json\/wp\/v2\/pages\/750"}],"collection":[{"href":"https:\/\/www.nenette.fr\/en\/wp-json\/wp\/v2\/pages"}],"about":[{"href":"https:\/\/www.nenette.fr\/en\/wp-json\/wp\/v2\/types\/page"}],"author":[{"embeddable":true,"href":"https:\/\/www.nenette.fr\/en\/wp-json\/wp\/v2\/users\/1"}],"replies":[{"embeddable":true,"href":"https:\/\/www.nenette.fr\/en\/wp-json\/wp\/v2\/comments?post=750"}],"version-history":[{"count":2,"href":"https:\/\/www.nenette.fr\/en\/wp-json\/wp\/v2\/pages\/750\/revisions"}],"predecessor-version":[{"id":123178,"href":"https:\/\/www.nenette.fr\/en\/wp-json\/wp\/v2\/pages\/750\/revisions\/123178"}],"wp:attachment":[{"href":"https:\/\/www.nenette.fr\/en\/wp-json\/wp\/v2\/media?parent=750"}],"curies":[{"name":"wp","href":"https:\/\/api.w.org\/{rel}","templated":true}]}}