{"id":123884,"date":"2020-12-03T14:15:10","date_gmt":"2020-12-03T13:15:10","guid":{"rendered":"https:\/\/www.nenette.fr\/?post_type=product&#038;p=123884"},"modified":"2026-03-28T00:00:50","modified_gmt":"2026-03-27T23:00:50","slug":"desinfectant-nenette","status":"publish","type":"product","link":"https:\/\/www.nenette.fr\/en\/boutique\/desinfectant-nenette\/","title":{"rendered":"D\u00e9sinfectant 4 en 1 N\u00e9nette &#8211; ECOCERT \u00c9cod\u00e9tergent"},"content":{"rendered":"<div class=\"fusion-fullwidth fullwidth-box fusion-builder-row-1 nonhundred-percent-fullwidth non-hundred-percent-height-scrolling\" style=\"background-color: rgba(255,255,255,0);background-position: center center;background-repeat: no-repeat;padding-top:0px;padding-right:0px;padding-bottom:0px;padding-left:0px;margin-bottom: 0px;margin-top: 0px;border-width: 0px 0px 0px 0px;border-color:#eae9e9;border-style:solid;\" ><div class=\"fusion-builder-row fusion-row\"><div class=\"fusion-layout-column fusion_builder_column fusion-builder-column-0 fusion_builder_column_1_1 1_1 fusion-one-full fusion-column-first fusion-column-last\" style=\"margin-top:0px;margin-bottom:0px;\"><div class=\"fusion-column-wrapper fusion-flex-column-wrapper-legacy\" style=\"background-position:left top;background-repeat:no-repeat;-webkit-background-size:cover;-moz-background-size:cover;-o-background-size:cover;background-size:cover;padding: 0px 0px 0px 0px;\"><div class=\"fusion-text fusion-text-1\" style=\"transform:translate3d(0,0,0);\"><p><strong>D\u00e9poussi\u00e9rer<\/strong> toutes les surfaces de votre v\u00e9hicule avec<strong> la NENETTE<\/strong>, <strong>appliquer notre d\u00e9sinfectant 4 en 1 avec le gant<\/strong> microfibre NENETTE pour bien \u00e9taler le produit,<strong> laisser poser 30 minutes<\/strong>, <strong>lustrer avec le gant microfibre<\/strong> NENETTE.<\/p>\n<p>Ce produit est fabriqu\u00e9 en France, il pr\u00e9serve l&#8217;utilisateur et l&#8217;environnement.<\/p>\n<p>Le D\u00e9sinfectant 4 en 1 N\u00e9nette<sup>\u00ae<\/sup> est compos\u00e9 d&#8217;ingr\u00e9dients d&#8217;origine naturelle. Ce produit ne contient ni colorant ni conservateur et est certifi\u00e9 par ECOCERT.<\/p>\n<\/div><div class=\"fusion-clearfix\"><\/div><\/div><\/div><\/div><\/div>\n","protected":false},"excerpt":{"rendered":"<h1>Nettoie, d\u00e9sinfecte, assainie et purifie en un seul geste !<\/h1>\n<p>\u2022 Ce spray 4 en 1\u00a0<strong>nettoie, d\u00e9sinfecte, assainie et purifie toutes les surfaces et l&#8217;int\u00e9rieur (<\/strong>cuir et textiles) de votre v\u00e9hicule.<br \/>\n\u2022 Le traitement d\u00e9sinfectant permet de <strong>r\u00e9soudre les probl\u00e8mes li\u00e9s \u00e0 la contamination microbiologique des surfaces par les bact\u00e9ries, champignons et virus.<\/strong><br \/>\n\u2022 Compos\u00e9 d\u2019ingr\u00e9dients<strong> d\u2019origine naturelle :<\/strong> <strong>99,7%<\/strong> du total des ingr\u00e9dients d&#8217;origine v\u00e9g\u00e9tale et\/ou min\u00e9rale.<br \/>\n\u2022 \u00c9cologique &#8211; D\u00e9tergent certifi\u00e9 par Ecocert Greenlife selon le r\u00e9f\u00e9rentiel ECOCERT \u00ab Ecod\u00e9tergent \u00bb disponible sur http:\/\/detergents.ecocert.com<br \/>\n\u2022 Pr\u00e9serve l\u2019utilisateur et l\u2019environnement.<br \/>\n\u2022 <strong>Origine France Garantie.<\/strong><\/p>\n","protected":false},"featured_media":123891,"comment_status":"open","ping_status":"closed","template":"","meta":[],"product_cat":[138],"product_tag":[],"acf":[],"yoast_head":"<!-- This site is optimized with the Yoast SEO plugin v19.14 - https:\/\/yoast.com\/wordpress\/plugins\/seo\/ -->\n<title>D\u00e9sinfectant 4 en 1 N\u00e9nette - ECOCERT \u00c9cod\u00e9tergent - La V\u00e9ritable N\u00e9nette\u00ae<\/title>\n<meta name=\"description\" content=\"Ce pray 4 en 1 nettoie, d\u00e9sinfecte, assainie et purifie toutes les surfaces et l&#039;int\u00e9rieur de votre v\u00e9hicule en un seul geste.\" \/>\n<meta name=\"robots\" content=\"index, follow, max-snippet:-1, max-image-preview:large, max-video-preview:-1\" \/>\n<link rel=\"canonical\" href=\"https:\/\/www.nenette.fr\/en\/boutique\/desinfectant-nenette\/\" \/>\n<meta property=\"og:locale\" content=\"en_US\" \/>\n<meta property=\"og:type\" content=\"article\" \/>\n<meta property=\"og:title\" content=\"D\u00e9sinfectant 4 en 1 N\u00e9nette - ECOCERT \u00c9cod\u00e9tergent - La V\u00e9ritable N\u00e9nette\u00ae\" \/>\n<meta property=\"og:description\" content=\"Ce pray 4 en 1 nettoie, d\u00e9sinfecte, assainie et purifie toutes les surfaces et l&#039;int\u00e9rieur de votre v\u00e9hicule en un seul geste.\" \/>\n<meta property=\"og:url\" content=\"https:\/\/www.nenette.fr\/en\/boutique\/desinfectant-nenette\/\" \/>\n<meta property=\"og:site_name\" content=\"La V\u00e9ritable N\u00e9nette\u00ae\" \/>\n<meta property=\"article:publisher\" content=\"https:\/\/www.facebook.com\/laveritablenenette\/\" \/>\n<meta property=\"article:modified_time\" content=\"2026-03-27T23:00:50+00:00\" \/>\n<meta property=\"og:image\" content=\"https:\/\/www.nenette.fr\/wp-content\/uploads\/2020\/12\/MES_desinfectant-nenette.png\" \/>\n\t<meta property=\"og:image:width\" content=\"1200\" \/>\n\t<meta property=\"og:image:height\" content=\"1563\" \/>\n\t<meta property=\"og:image:type\" content=\"image\/png\" \/>\n<meta name=\"twitter:card\" content=\"summary_large_image\" \/>\n<meta name=\"twitter:label1\" content=\"Est. reading time\" \/>\n\t<meta name=\"twitter:data1\" content=\"2 minutes\" \/>\n<script type=\"application\/ld+json\" class=\"yoast-schema-graph\">{\"@context\":\"https:\/\/schema.org\",\"@graph\":[{\"@type\":\"WebPage\",\"@id\":\"https:\/\/www.nenette.fr\/en\/boutique\/desinfectant-nenette\/\",\"url\":\"https:\/\/www.nenette.fr\/en\/boutique\/desinfectant-nenette\/\",\"name\":\"D\u00e9sinfectant 4 en 1 N\u00e9nette - ECOCERT \u00c9cod\u00e9tergent - La V\u00e9ritable N\u00e9nette\u00ae\",\"isPartOf\":{\"@id\":\"https:\/\/www.nenette.fr\/en\/#website\"},\"datePublished\":\"2020-12-03T13:15:10+00:00\",\"dateModified\":\"2026-03-27T23:00:50+00:00\",\"description\":\"Ce pray 4 en 1 nettoie, d\u00e9sinfecte, assainie et purifie toutes les surfaces et l'int\u00e9rieur de votre v\u00e9hicule en un seul geste.\",\"breadcrumb\":{\"@id\":\"https:\/\/www.nenette.fr\/en\/boutique\/desinfectant-nenette\/#breadcrumb\"},\"inLanguage\":\"en-US\",\"potentialAction\":[{\"@type\":\"ReadAction\",\"target\":[\"https:\/\/www.nenette.fr\/en\/boutique\/desinfectant-nenette\/\"]}]},{\"@type\":\"BreadcrumbList\",\"@id\":\"https:\/\/www.nenette.fr\/en\/boutique\/desinfectant-nenette\/#breadcrumb\",\"itemListElement\":[{\"@type\":\"ListItem\",\"position\":1,\"name\":\"Accueil\",\"item\":\"https:\/\/www.nenette.fr\/en\/\"},{\"@type\":\"ListItem\",\"position\":2,\"name\":\"La N\u00e9nette: your ally\",\"item\":\"https:\/\/www.nenette.fr\/en\/shop\/\"},{\"@type\":\"ListItem\",\"position\":3,\"name\":\"D\u00e9sinfectant 4 en 1 N\u00e9nette &#8211; ECOCERT \u00c9cod\u00e9tergent\"}]},{\"@type\":\"WebSite\",\"@id\":\"https:\/\/www.nenette.fr\/en\/#website\",\"url\":\"https:\/\/www.nenette.fr\/en\/\",\"name\":\"La V\u00e9ritable N\u00e9nette\u00ae\",\"description\":\"nettoyant pour voiture\",\"publisher\":{\"@id\":\"https:\/\/www.nenette.fr\/en\/#organization\"},\"potentialAction\":[{\"@type\":\"SearchAction\",\"target\":{\"@type\":\"EntryPoint\",\"urlTemplate\":\"https:\/\/www.nenette.fr\/en\/?s={search_term_string}\"},\"query-input\":\"required name=search_term_string\"}],\"inLanguage\":\"en-US\"},{\"@type\":\"Organization\",\"@id\":\"https:\/\/www.nenette.fr\/en\/#organization\",\"name\":\"La V\u00e9ritable N\u00e9nette\",\"url\":\"https:\/\/www.nenette.fr\/en\/\",\"logo\":{\"@type\":\"ImageObject\",\"inLanguage\":\"en-US\",\"@id\":\"https:\/\/www.nenette.fr\/en\/#\/schema\/logo\/image\/\",\"url\":\"https:\/\/www.nenette.fr\/wp-content\/uploads\/2019\/03\/logo_nenette.gif\",\"contentUrl\":\"https:\/\/www.nenette.fr\/wp-content\/uploads\/2019\/03\/logo_nenette.gif\",\"width\":250,\"height\":126,\"caption\":\"La V\u00e9ritable N\u00e9nette\"},\"image\":{\"@id\":\"https:\/\/www.nenette.fr\/en\/#\/schema\/logo\/image\/\"},\"sameAs\":[\"https:\/\/www.instagram.com\/laveritablenenetteofficiel\/\",\"https:\/\/www.youtube.com\/channel\/UCn9hDVb2BAhEdjAzPGNfxAw\",\"https:\/\/www.facebook.com\/laveritablenenette\/\"]}]}<\/script>\n<!-- \/ Yoast SEO plugin. -->","yoast_head_json":{"title":"D\u00e9sinfectant 4 en 1 N\u00e9nette - ECOCERT \u00c9cod\u00e9tergent - La V\u00e9ritable N\u00e9nette\u00ae","description":"Ce pray 4 en 1 nettoie, d\u00e9sinfecte, assainie et purifie toutes les surfaces et l'int\u00e9rieur de votre v\u00e9hicule en un seul geste.","robots":{"index":"index","follow":"follow","max-snippet":"max-snippet:-1","max-image-preview":"max-image-preview:large","max-video-preview":"max-video-preview:-1"},"canonical":"https:\/\/www.nenette.fr\/en\/boutique\/desinfectant-nenette\/","og_locale":"en_US","og_type":"article","og_title":"D\u00e9sinfectant 4 en 1 N\u00e9nette - ECOCERT \u00c9cod\u00e9tergent - La V\u00e9ritable N\u00e9nette\u00ae","og_description":"Ce pray 4 en 1 nettoie, d\u00e9sinfecte, assainie et purifie toutes les surfaces et l'int\u00e9rieur de votre v\u00e9hicule en un seul geste.","og_url":"https:\/\/www.nenette.fr\/en\/boutique\/desinfectant-nenette\/","og_site_name":"La V\u00e9ritable N\u00e9nette\u00ae","article_publisher":"https:\/\/www.facebook.com\/laveritablenenette\/","article_modified_time":"2026-03-27T23:00:50+00:00","og_image":[{"width":1200,"height":1563,"url":"https:\/\/www.nenette.fr\/wp-content\/uploads\/2020\/12\/MES_desinfectant-nenette.png","type":"image\/png"}],"twitter_card":"summary_large_image","twitter_misc":{"Est. reading time":"2 minutes"},"schema":{"@context":"https:\/\/schema.org","@graph":[{"@type":"WebPage","@id":"https:\/\/www.nenette.fr\/en\/boutique\/desinfectant-nenette\/","url":"https:\/\/www.nenette.fr\/en\/boutique\/desinfectant-nenette\/","name":"D\u00e9sinfectant 4 en 1 N\u00e9nette - ECOCERT \u00c9cod\u00e9tergent - La V\u00e9ritable N\u00e9nette\u00ae","isPartOf":{"@id":"https:\/\/www.nenette.fr\/en\/#website"},"datePublished":"2020-12-03T13:15:10+00:00","dateModified":"2026-03-27T23:00:50+00:00","description":"Ce pray 4 en 1 nettoie, d\u00e9sinfecte, assainie et purifie toutes les surfaces et l'int\u00e9rieur de votre v\u00e9hicule en un seul geste.","breadcrumb":{"@id":"https:\/\/www.nenette.fr\/en\/boutique\/desinfectant-nenette\/#breadcrumb"},"inLanguage":"en-US","potentialAction":[{"@type":"ReadAction","target":["https:\/\/www.nenette.fr\/en\/boutique\/desinfectant-nenette\/"]}]},{"@type":"BreadcrumbList","@id":"https:\/\/www.nenette.fr\/en\/boutique\/desinfectant-nenette\/#breadcrumb","itemListElement":[{"@type":"ListItem","position":1,"name":"Accueil","item":"https:\/\/www.nenette.fr\/en\/"},{"@type":"ListItem","position":2,"name":"La N\u00e9nette: your ally","item":"https:\/\/www.nenette.fr\/en\/shop\/"},{"@type":"ListItem","position":3,"name":"D\u00e9sinfectant 4 en 1 N\u00e9nette &#8211; ECOCERT \u00c9cod\u00e9tergent"}]},{"@type":"WebSite","@id":"https:\/\/www.nenette.fr\/en\/#website","url":"https:\/\/www.nenette.fr\/en\/","name":"La V\u00e9ritable N\u00e9nette\u00ae","description":"nettoyant pour voiture","publisher":{"@id":"https:\/\/www.nenette.fr\/en\/#organization"},"potentialAction":[{"@type":"SearchAction","target":{"@type":"EntryPoint","urlTemplate":"https:\/\/www.nenette.fr\/en\/?s={search_term_string}"},"query-input":"required name=search_term_string"}],"inLanguage":"en-US"},{"@type":"Organization","@id":"https:\/\/www.nenette.fr\/en\/#organization","name":"La V\u00e9ritable N\u00e9nette","url":"https:\/\/www.nenette.fr\/en\/","logo":{"@type":"ImageObject","inLanguage":"en-US","@id":"https:\/\/www.nenette.fr\/en\/#\/schema\/logo\/image\/","url":"https:\/\/www.nenette.fr\/wp-content\/uploads\/2019\/03\/logo_nenette.gif","contentUrl":"https:\/\/www.nenette.fr\/wp-content\/uploads\/2019\/03\/logo_nenette.gif","width":250,"height":126,"caption":"La V\u00e9ritable N\u00e9nette"},"image":{"@id":"https:\/\/www.nenette.fr\/en\/#\/schema\/logo\/image\/"},"sameAs":["https:\/\/www.instagram.com\/laveritablenenetteofficiel\/","https:\/\/www.youtube.com\/channel\/UCn9hDVb2BAhEdjAzPGNfxAw","https:\/\/www.facebook.com\/laveritablenenette\/"]}]}},"_links":{"self":[{"href":"https:\/\/www.nenette.fr\/en\/wp-json\/wp\/v2\/product\/123884"}],"collection":[{"href":"https:\/\/www.nenette.fr\/en\/wp-json\/wp\/v2\/product"}],"about":[{"href":"https:\/\/www.nenette.fr\/en\/wp-json\/wp\/v2\/types\/product"}],"replies":[{"embeddable":true,"href":"https:\/\/www.nenette.fr\/en\/wp-json\/wp\/v2\/comments?post=123884"}],"wp:featuredmedia":[{"embeddable":true,"href":"https:\/\/www.nenette.fr\/en\/wp-json\/wp\/v2\/media\/123891"}],"wp:attachment":[{"href":"https:\/\/www.nenette.fr\/en\/wp-json\/wp\/v2\/media?parent=123884"}],"wp:term":[{"taxonomy":"product_cat","embeddable":true,"href":"https:\/\/www.nenette.fr\/en\/wp-json\/wp\/v2\/product_cat?post=123884"},{"taxonomy":"product_tag","embeddable":true,"href":"https:\/\/www.nenette.fr\/en\/wp-json\/wp\/v2\/product_tag?post=123884"}],"curies":[{"name":"wp","href":"https:\/\/api.w.org\/{rel}","templated":true}]}}