{"id":123888,"date":"2020-12-03T15:02:49","date_gmt":"2020-12-03T14:02:49","guid":{"rendered":"https:\/\/www.nenette.fr\/?post_type=product&#038;p=123888"},"modified":"2024-08-06T16:20:22","modified_gmt":"2024-08-06T14:20:22","slug":"lot-nenette-decouverte","status":"publish","type":"product","link":"https:\/\/www.nenette.fr\/en\/boutique\/lot-nenette-decouverte\/","title":{"rendered":"Coffret D\u00e9couverte La N\u00e9nette"},"content":{"rendered":"<div class=\"fusion-fullwidth fullwidth-box fusion-builder-row-1 nonhundred-percent-fullwidth non-hundred-percent-height-scrolling\" style=\"background-color: rgba(255,255,255,0);background-position: center center;background-repeat: no-repeat;padding-top:0px;padding-right:0px;padding-bottom:0px;padding-left:0px;margin-bottom: 0px;margin-top: 0px;border-width: 0px 0px 0px 0px;border-color:#eae9e9;border-style:solid;\" ><div class=\"fusion-builder-row fusion-row\"><div class=\"fusion-layout-column fusion_builder_column fusion-builder-column-0 fusion_builder_column_1_1 1_1 fusion-one-full fusion-column-first fusion-column-last\" style=\"margin-top:0px;margin-bottom:0px;\"><div class=\"fusion-column-wrapper fusion-flex-column-wrapper-legacy\" style=\"background-position:left top;background-repeat:no-repeat;-webkit-background-size:cover;-moz-background-size:cover;-o-background-size:cover;background-size:cover;padding: 0px 0px 0px 0px;\"><div class=\"fusion-text fusion-text-1\" style=\"transform:translate3d(0,0,0);\"><p>Ce Lot D\u00e9couverte comprend :<\/p>\n<ul>\n<li><strong>La seule et v\u00e9ritable N\u00e9nette<sup>\u00ae<\/sup>\u00a0<\/strong><\/li>\n<li><strong>Un flacon de N\u00e9n\u00e9to<\/strong>l<\/li>\n<\/ul>\n<p>Vous recevrez ce lot dans un sac \u00e0 l&#8217;effigie de <strong>La N\u00e9nette, au service de votre v\u00e9hicule depuis 1947<\/strong> !<\/p>\n<p>Il est recommand\u00e9 de remettre la N\u00e9nette<sup>\u00ae<\/sup> dans son fourreau apr\u00e8s usage. La N\u00e9nette<sup>\u00ae<\/sup> peut \u00eatre conserv\u00e9e et utilis\u00e9e longtemps si l\u2019on prend soin, lorsqu\u2019elle est tr\u00e8s sale ou tr\u00e8s s\u00e8che, de la r\u00e9impr\u00e9gner. Pour cela, d\u00e9tacher la frange de son manche, la laver (\u00e0 la main ou en machine) et, une fois bien s\u00e8che, la r\u00e9-impr\u00e9gner avec une dose de liquide lustrant N\u00e9n\u00e9tol<sup>\u00ae\u00a0 <\/sup>(sans silicone). Pour conserver la N\u00e9nette dans le temps, laver \u00e0 froid.<\/p>\n<\/div><div class=\"fusion-clearfix\"><\/div><\/div><\/div><\/div><\/div>\n","protected":false},"excerpt":{"rendered":"<p>Ce Lot D\u00e9couverte comprend :<\/p>\n<ul>\n<li><strong>La seule et v\u00e9ritable N\u00e9nette<sup>\u00ae<\/sup>\u00a0<\/strong> : Une frange en coton impr\u00e9gn\u00e9e d\u2019un liquide lustrant, le N\u00e9n\u00e9tol<sup>\u00ae<\/sup>\u00a0fait main et fabriqu\u00e9e en France. Elle capte et retient la poussi\u00e8re, lustre la carrosserie et le tableau de bord de la voiture, efficacement et rapidement.\u00a0<strong>Il ne faut que quelques minutes, sans se salir les mains, pour rendre \u00e0 la carrosserie tout son \u00e9clat.<\/strong><\/li>\n<li><strong>Un flacon de N\u00e9n\u00e9to<\/strong>l : La\u00a0 dose pour l\u2019impr\u00e9gnation d\u2019une lustreuse \u00ab avale-poussi\u00e8re \u00bb dit la V\u00e9ritable N\u00e9nette<sup>\u00ae<\/sup> pour le d\u00e9poussi\u00e9rage quotidien de la voiture et vos 2 roues. Sans silicone.<\/li>\n<\/ul>\n<p>Les produits sont envoy\u00e9s dans un sac \u00e0 l&#8217;effigie de <strong>La N\u00e9nette, au service de votre v\u00e9hicule depuis 1947<\/strong> !<\/p>\n","protected":false},"featured_media":125672,"comment_status":"open","ping_status":"closed","template":"","meta":[],"product_cat":[51,17],"product_tag":[],"acf":[],"yoast_head":"<!-- This site is optimized with the Yoast SEO plugin v19.14 - https:\/\/yoast.com\/wordpress\/plugins\/seo\/ -->\n<title>Coffret D\u00e9couverte La N\u00e9nette - La V\u00e9ritable N\u00e9nette\u00ae<\/title>\n<meta name=\"description\" content=\"D\u00e9couvez ou r\u00e9d\u00e9couvrez la N\u00e9nette et sa recharge l\u00e9gendaire le N\u00e9n\u00e9tol. La N\u00e9nette, au service de votre v\u00e9hicule depuis 1947 !\" \/>\n<meta name=\"robots\" content=\"index, follow, max-snippet:-1, max-image-preview:large, max-video-preview:-1\" \/>\n<link rel=\"canonical\" href=\"https:\/\/www.nenette.fr\/en\/boutique\/lot-nenette-decouverte\/\" \/>\n<meta property=\"og:locale\" content=\"en_US\" \/>\n<meta property=\"og:type\" content=\"article\" \/>\n<meta property=\"og:title\" content=\"Coffret D\u00e9couverte La N\u00e9nette - La V\u00e9ritable N\u00e9nette\u00ae\" \/>\n<meta property=\"og:description\" content=\"D\u00e9couvez ou r\u00e9d\u00e9couvrez la N\u00e9nette et sa recharge l\u00e9gendaire le N\u00e9n\u00e9tol. La N\u00e9nette, au service de votre v\u00e9hicule depuis 1947 !\" \/>\n<meta property=\"og:url\" content=\"https:\/\/www.nenette.fr\/en\/boutique\/lot-nenette-decouverte\/\" \/>\n<meta property=\"og:site_name\" content=\"La V\u00e9ritable N\u00e9nette\u00ae\" \/>\n<meta property=\"article:publisher\" content=\"https:\/\/www.facebook.com\/laveritablenenette\/\" \/>\n<meta property=\"article:modified_time\" content=\"2024-08-06T14:20:22+00:00\" \/>\n<meta property=\"og:image\" content=\"https:\/\/www.nenette.fr\/wp-content\/uploads\/2020\/12\/pack-decouverte-nenette.png\" \/>\n\t<meta property=\"og:image:width\" content=\"1200\" \/>\n\t<meta property=\"og:image:height\" content=\"1563\" \/>\n\t<meta property=\"og:image:type\" content=\"image\/png\" \/>\n<meta name=\"twitter:card\" content=\"summary_large_image\" \/>\n<meta name=\"twitter:label1\" content=\"Est. reading time\" \/>\n\t<meta name=\"twitter:data1\" content=\"2 minutes\" \/>\n<script type=\"application\/ld+json\" class=\"yoast-schema-graph\">{\"@context\":\"https:\/\/schema.org\",\"@graph\":[{\"@type\":\"WebPage\",\"@id\":\"https:\/\/www.nenette.fr\/en\/boutique\/lot-nenette-decouverte\/\",\"url\":\"https:\/\/www.nenette.fr\/en\/boutique\/lot-nenette-decouverte\/\",\"name\":\"Coffret D\u00e9couverte La N\u00e9nette - La V\u00e9ritable N\u00e9nette\u00ae\",\"isPartOf\":{\"@id\":\"https:\/\/www.nenette.fr\/en\/#website\"},\"datePublished\":\"2020-12-03T14:02:49+00:00\",\"dateModified\":\"2024-08-06T14:20:22+00:00\",\"description\":\"D\u00e9couvez ou r\u00e9d\u00e9couvrez la N\u00e9nette et sa recharge l\u00e9gendaire le N\u00e9n\u00e9tol. La N\u00e9nette, au service de votre v\u00e9hicule depuis 1947 !\",\"breadcrumb\":{\"@id\":\"https:\/\/www.nenette.fr\/en\/boutique\/lot-nenette-decouverte\/#breadcrumb\"},\"inLanguage\":\"en-US\",\"potentialAction\":[{\"@type\":\"ReadAction\",\"target\":[\"https:\/\/www.nenette.fr\/en\/boutique\/lot-nenette-decouverte\/\"]}]},{\"@type\":\"BreadcrumbList\",\"@id\":\"https:\/\/www.nenette.fr\/en\/boutique\/lot-nenette-decouverte\/#breadcrumb\",\"itemListElement\":[{\"@type\":\"ListItem\",\"position\":1,\"name\":\"Accueil\",\"item\":\"https:\/\/www.nenette.fr\/en\/\"},{\"@type\":\"ListItem\",\"position\":2,\"name\":\"La N\u00e9nette: your ally\",\"item\":\"https:\/\/www.nenette.fr\/en\/shop\/\"},{\"@type\":\"ListItem\",\"position\":3,\"name\":\"Coffret D\u00e9couverte La N\u00e9nette\"}]},{\"@type\":\"WebSite\",\"@id\":\"https:\/\/www.nenette.fr\/en\/#website\",\"url\":\"https:\/\/www.nenette.fr\/en\/\",\"name\":\"La V\u00e9ritable N\u00e9nette\u00ae\",\"description\":\"nettoyant pour voiture\",\"publisher\":{\"@id\":\"https:\/\/www.nenette.fr\/en\/#organization\"},\"potentialAction\":[{\"@type\":\"SearchAction\",\"target\":{\"@type\":\"EntryPoint\",\"urlTemplate\":\"https:\/\/www.nenette.fr\/en\/?s={search_term_string}\"},\"query-input\":\"required name=search_term_string\"}],\"inLanguage\":\"en-US\"},{\"@type\":\"Organization\",\"@id\":\"https:\/\/www.nenette.fr\/en\/#organization\",\"name\":\"La V\u00e9ritable N\u00e9nette\",\"url\":\"https:\/\/www.nenette.fr\/en\/\",\"logo\":{\"@type\":\"ImageObject\",\"inLanguage\":\"en-US\",\"@id\":\"https:\/\/www.nenette.fr\/en\/#\/schema\/logo\/image\/\",\"url\":\"https:\/\/www.nenette.fr\/wp-content\/uploads\/2019\/03\/logo_nenette.gif\",\"contentUrl\":\"https:\/\/www.nenette.fr\/wp-content\/uploads\/2019\/03\/logo_nenette.gif\",\"width\":250,\"height\":126,\"caption\":\"La V\u00e9ritable N\u00e9nette\"},\"image\":{\"@id\":\"https:\/\/www.nenette.fr\/en\/#\/schema\/logo\/image\/\"},\"sameAs\":[\"https:\/\/www.instagram.com\/laveritablenenetteofficiel\/\",\"https:\/\/www.youtube.com\/channel\/UCn9hDVb2BAhEdjAzPGNfxAw\",\"https:\/\/www.facebook.com\/laveritablenenette\/\"]}]}<\/script>\n<!-- \/ Yoast SEO plugin. -->","yoast_head_json":{"title":"Coffret D\u00e9couverte La N\u00e9nette - La V\u00e9ritable N\u00e9nette\u00ae","description":"D\u00e9couvez ou r\u00e9d\u00e9couvrez la N\u00e9nette et sa recharge l\u00e9gendaire le N\u00e9n\u00e9tol. La N\u00e9nette, au service de votre v\u00e9hicule depuis 1947 !","robots":{"index":"index","follow":"follow","max-snippet":"max-snippet:-1","max-image-preview":"max-image-preview:large","max-video-preview":"max-video-preview:-1"},"canonical":"https:\/\/www.nenette.fr\/en\/boutique\/lot-nenette-decouverte\/","og_locale":"en_US","og_type":"article","og_title":"Coffret D\u00e9couverte La N\u00e9nette - La V\u00e9ritable N\u00e9nette\u00ae","og_description":"D\u00e9couvez ou r\u00e9d\u00e9couvrez la N\u00e9nette et sa recharge l\u00e9gendaire le N\u00e9n\u00e9tol. La N\u00e9nette, au service de votre v\u00e9hicule depuis 1947 !","og_url":"https:\/\/www.nenette.fr\/en\/boutique\/lot-nenette-decouverte\/","og_site_name":"La V\u00e9ritable N\u00e9nette\u00ae","article_publisher":"https:\/\/www.facebook.com\/laveritablenenette\/","article_modified_time":"2024-08-06T14:20:22+00:00","og_image":[{"width":1200,"height":1563,"url":"https:\/\/www.nenette.fr\/wp-content\/uploads\/2020\/12\/pack-decouverte-nenette.png","type":"image\/png"}],"twitter_card":"summary_large_image","twitter_misc":{"Est. reading time":"2 minutes"},"schema":{"@context":"https:\/\/schema.org","@graph":[{"@type":"WebPage","@id":"https:\/\/www.nenette.fr\/en\/boutique\/lot-nenette-decouverte\/","url":"https:\/\/www.nenette.fr\/en\/boutique\/lot-nenette-decouverte\/","name":"Coffret D\u00e9couverte La N\u00e9nette - La V\u00e9ritable N\u00e9nette\u00ae","isPartOf":{"@id":"https:\/\/www.nenette.fr\/en\/#website"},"datePublished":"2020-12-03T14:02:49+00:00","dateModified":"2024-08-06T14:20:22+00:00","description":"D\u00e9couvez ou r\u00e9d\u00e9couvrez la N\u00e9nette et sa recharge l\u00e9gendaire le N\u00e9n\u00e9tol. La N\u00e9nette, au service de votre v\u00e9hicule depuis 1947 !","breadcrumb":{"@id":"https:\/\/www.nenette.fr\/en\/boutique\/lot-nenette-decouverte\/#breadcrumb"},"inLanguage":"en-US","potentialAction":[{"@type":"ReadAction","target":["https:\/\/www.nenette.fr\/en\/boutique\/lot-nenette-decouverte\/"]}]},{"@type":"BreadcrumbList","@id":"https:\/\/www.nenette.fr\/en\/boutique\/lot-nenette-decouverte\/#breadcrumb","itemListElement":[{"@type":"ListItem","position":1,"name":"Accueil","item":"https:\/\/www.nenette.fr\/en\/"},{"@type":"ListItem","position":2,"name":"La N\u00e9nette: your ally","item":"https:\/\/www.nenette.fr\/en\/shop\/"},{"@type":"ListItem","position":3,"name":"Coffret D\u00e9couverte La N\u00e9nette"}]},{"@type":"WebSite","@id":"https:\/\/www.nenette.fr\/en\/#website","url":"https:\/\/www.nenette.fr\/en\/","name":"La V\u00e9ritable N\u00e9nette\u00ae","description":"nettoyant pour voiture","publisher":{"@id":"https:\/\/www.nenette.fr\/en\/#organization"},"potentialAction":[{"@type":"SearchAction","target":{"@type":"EntryPoint","urlTemplate":"https:\/\/www.nenette.fr\/en\/?s={search_term_string}"},"query-input":"required name=search_term_string"}],"inLanguage":"en-US"},{"@type":"Organization","@id":"https:\/\/www.nenette.fr\/en\/#organization","name":"La V\u00e9ritable N\u00e9nette","url":"https:\/\/www.nenette.fr\/en\/","logo":{"@type":"ImageObject","inLanguage":"en-US","@id":"https:\/\/www.nenette.fr\/en\/#\/schema\/logo\/image\/","url":"https:\/\/www.nenette.fr\/wp-content\/uploads\/2019\/03\/logo_nenette.gif","contentUrl":"https:\/\/www.nenette.fr\/wp-content\/uploads\/2019\/03\/logo_nenette.gif","width":250,"height":126,"caption":"La V\u00e9ritable N\u00e9nette"},"image":{"@id":"https:\/\/www.nenette.fr\/en\/#\/schema\/logo\/image\/"},"sameAs":["https:\/\/www.instagram.com\/laveritablenenetteofficiel\/","https:\/\/www.youtube.com\/channel\/UCn9hDVb2BAhEdjAzPGNfxAw","https:\/\/www.facebook.com\/laveritablenenette\/"]}]}},"_links":{"self":[{"href":"https:\/\/www.nenette.fr\/en\/wp-json\/wp\/v2\/product\/123888"}],"collection":[{"href":"https:\/\/www.nenette.fr\/en\/wp-json\/wp\/v2\/product"}],"about":[{"href":"https:\/\/www.nenette.fr\/en\/wp-json\/wp\/v2\/types\/product"}],"replies":[{"embeddable":true,"href":"https:\/\/www.nenette.fr\/en\/wp-json\/wp\/v2\/comments?post=123888"}],"wp:featuredmedia":[{"embeddable":true,"href":"https:\/\/www.nenette.fr\/en\/wp-json\/wp\/v2\/media\/125672"}],"wp:attachment":[{"href":"https:\/\/www.nenette.fr\/en\/wp-json\/wp\/v2\/media?parent=123888"}],"wp:term":[{"taxonomy":"product_cat","embeddable":true,"href":"https:\/\/www.nenette.fr\/en\/wp-json\/wp\/v2\/product_cat?post=123888"},{"taxonomy":"product_tag","embeddable":true,"href":"https:\/\/www.nenette.fr\/en\/wp-json\/wp\/v2\/product_tag?post=123888"}],"curies":[{"name":"wp","href":"https:\/\/api.w.org\/{rel}","templated":true}]}}