{"id":835,"date":"2019-04-09T15:24:54","date_gmt":"2019-04-09T13:24:54","guid":{"rendered":"https:\/\/www.nenette.fr\/boutique\/nenette-vegetable-sponge\/"},"modified":"2026-03-28T00:00:51","modified_gmt":"2026-03-27T23:00:51","slug":"nenette-natural-sponge","status":"publish","type":"product","link":"https:\/\/www.nenette.fr\/en\/boutique\/nenette-natural-sponge\/","title":{"rendered":"Nenette\u00ae Natural Sponge"},"content":{"rendered":"<div class=\"fusion-fullwidth fullwidth-box fusion-builder-row-1 nonhundred-percent-fullwidth non-hundred-percent-height-scrolling\" style=\"background-color: rgba(255,255,255,0);background-position: center center;background-repeat: no-repeat;padding-top:0px;padding-right:0px;padding-bottom:0px;padding-left:0px;margin-bottom: 0px;margin-top: 0px;border-width: 0px 0px 0px 0px;border-color:#eae9e9;border-style:solid;\" ><div class=\"fusion-builder-row fusion-row\"><div class=\"fusion-layout-column fusion_builder_column fusion-builder-column-0 fusion_builder_column_1_1 1_1 fusion-one-full fusion-column-first fusion-column-last\" style=\"margin-top:0px;margin-bottom:0px;\"><div class=\"fusion-column-wrapper fusion-flex-column-wrapper-legacy\" style=\"background-position:left top;background-repeat:no-repeat;-webkit-background-size:cover;-moz-background-size:cover;-o-background-size:cover;background-size:cover;padding: 0px 0px 0px 0px;\"><div class=\"fusion-text fusion-text-1\" style=\"transform:translate3d(0,0,0);\"><p>Wash it by hand or machine.<br \/>\nRinse before first use and after each use.<\/p>\n<\/div><div class=\"fusion-clearfix\"><\/div><\/div><\/div><\/div><\/div>\n","protected":false},"excerpt":{"rendered":"<p><span style=\"font-size: 20pt;\">Ultra resistante! Ultra Absorptive! Biodegradable.<\/span><\/p>\n<p>Fabriqu\u00e9e en France \u00e0 partir de cellulose, l\u2019\u00e9ponge N\u00e9nette<sup>\u00ae<\/sup> est biod\u00e9gradable. Tr\u00e8s r\u00e9sistante, super absorbante, elle vous permettra de nettoyer votre carrosserie avec efficacit\u00e9.<\/p>\n","protected":false},"featured_media":346,"comment_status":"open","ping_status":"closed","template":"","meta":[],"product_cat":[155],"product_tag":[],"acf":[],"yoast_head":"<!-- This site is optimized with the Yoast SEO plugin v19.14 - https:\/\/yoast.com\/wordpress\/plugins\/seo\/ -->\n<title>Nenette\u00ae Natural Sponge - La V\u00e9ritable N\u00e9nette\u00ae<\/title>\n<meta name=\"description\" content=\"Ultra resistante! Ultra Absorptive! Biodegradable.  Fabriqu\u00e9e en France \u00e0 partir de cellulose, l\u2019\u00e9ponge N\u00e9nette\u00ae est biod\u00e9gradable. Tr\u00e8s r\u00e9sistante, super absorbante, elle vous permettra de nettoyer votre carrosserie avec efficacit\u00e9. - nettoyant pour voiture\" \/>\n<meta name=\"robots\" content=\"index, follow, max-snippet:-1, max-image-preview:large, max-video-preview:-1\" \/>\n<link rel=\"canonical\" href=\"https:\/\/www.nenette.fr\/en\/boutique\/nenette-natural-sponge\/\" \/>\n<meta property=\"og:locale\" content=\"en_US\" \/>\n<meta property=\"og:type\" content=\"article\" \/>\n<meta property=\"og:title\" content=\"Nenette\u00ae Natural Sponge - La V\u00e9ritable N\u00e9nette\u00ae\" \/>\n<meta property=\"og:description\" content=\"Ultra resistante! Ultra Absorptive! Biodegradable.  Fabriqu\u00e9e en France \u00e0 partir de cellulose, l\u2019\u00e9ponge N\u00e9nette\u00ae est biod\u00e9gradable. Tr\u00e8s r\u00e9sistante, super absorbante, elle vous permettra de nettoyer votre carrosserie avec efficacit\u00e9. - nettoyant pour voiture\" \/>\n<meta property=\"og:url\" content=\"https:\/\/www.nenette.fr\/en\/boutique\/nenette-natural-sponge\/\" \/>\n<meta property=\"og:site_name\" content=\"La V\u00e9ritable N\u00e9nette\u00ae\" \/>\n<meta property=\"article:publisher\" content=\"https:\/\/www.facebook.com\/laveritablenenette\/\" \/>\n<meta property=\"article:modified_time\" content=\"2026-03-27T23:00:51+00:00\" \/>\n<meta property=\"og:image\" content=\"https:\/\/www.nenette.fr\/wp-content\/uploads\/2019\/04\/Nenette_Produit_Eponge_01.jpg\" \/>\n\t<meta property=\"og:image:width\" content=\"1200\" \/>\n\t<meta property=\"og:image:height\" content=\"1563\" \/>\n\t<meta property=\"og:image:type\" content=\"image\/jpeg\" \/>\n<meta name=\"twitter:card\" content=\"summary_large_image\" \/>\n<meta name=\"twitter:label1\" content=\"Est. reading time\" \/>\n\t<meta name=\"twitter:data1\" content=\"1 minute\" \/>\n<script type=\"application\/ld+json\" class=\"yoast-schema-graph\">{\"@context\":\"https:\/\/schema.org\",\"@graph\":[{\"@type\":\"WebPage\",\"@id\":\"https:\/\/www.nenette.fr\/en\/boutique\/nenette-natural-sponge\/\",\"url\":\"https:\/\/www.nenette.fr\/en\/boutique\/nenette-natural-sponge\/\",\"name\":\"Nenette\u00ae Natural Sponge - La V\u00e9ritable N\u00e9nette\u00ae\",\"isPartOf\":{\"@id\":\"https:\/\/www.nenette.fr\/en\/#website\"},\"datePublished\":\"2019-04-09T13:24:54+00:00\",\"dateModified\":\"2026-03-27T23:00:51+00:00\",\"description\":\"Ultra resistante! Ultra Absorptive! Biodegradable. Fabriqu\u00e9e en France \u00e0 partir de cellulose, l\u2019\u00e9ponge N\u00e9nette\u00ae est biod\u00e9gradable. Tr\u00e8s r\u00e9sistante, super absorbante, elle vous permettra de nettoyer votre carrosserie avec efficacit\u00e9. - nettoyant pour voiture\",\"breadcrumb\":{\"@id\":\"https:\/\/www.nenette.fr\/en\/boutique\/nenette-natural-sponge\/#breadcrumb\"},\"inLanguage\":\"en-US\",\"potentialAction\":[{\"@type\":\"ReadAction\",\"target\":[\"https:\/\/www.nenette.fr\/en\/boutique\/nenette-natural-sponge\/\"]}]},{\"@type\":\"BreadcrumbList\",\"@id\":\"https:\/\/www.nenette.fr\/en\/boutique\/nenette-natural-sponge\/#breadcrumb\",\"itemListElement\":[{\"@type\":\"ListItem\",\"position\":1,\"name\":\"Accueil\",\"item\":\"https:\/\/www.nenette.fr\/en\/\"},{\"@type\":\"ListItem\",\"position\":2,\"name\":\"La N\u00e9nette: your ally\",\"item\":\"https:\/\/www.nenette.fr\/en\/shop\/\"},{\"@type\":\"ListItem\",\"position\":3,\"name\":\"Nenette\u00ae Natural Sponge\"}]},{\"@type\":\"WebSite\",\"@id\":\"https:\/\/www.nenette.fr\/en\/#website\",\"url\":\"https:\/\/www.nenette.fr\/en\/\",\"name\":\"La V\u00e9ritable N\u00e9nette\u00ae\",\"description\":\"nettoyant pour voiture\",\"publisher\":{\"@id\":\"https:\/\/www.nenette.fr\/en\/#organization\"},\"potentialAction\":[{\"@type\":\"SearchAction\",\"target\":{\"@type\":\"EntryPoint\",\"urlTemplate\":\"https:\/\/www.nenette.fr\/en\/?s={search_term_string}\"},\"query-input\":\"required name=search_term_string\"}],\"inLanguage\":\"en-US\"},{\"@type\":\"Organization\",\"@id\":\"https:\/\/www.nenette.fr\/en\/#organization\",\"name\":\"La V\u00e9ritable N\u00e9nette\",\"url\":\"https:\/\/www.nenette.fr\/en\/\",\"logo\":{\"@type\":\"ImageObject\",\"inLanguage\":\"en-US\",\"@id\":\"https:\/\/www.nenette.fr\/en\/#\/schema\/logo\/image\/\",\"url\":\"https:\/\/www.nenette.fr\/wp-content\/uploads\/2019\/03\/logo_nenette.gif\",\"contentUrl\":\"https:\/\/www.nenette.fr\/wp-content\/uploads\/2019\/03\/logo_nenette.gif\",\"width\":250,\"height\":126,\"caption\":\"La V\u00e9ritable N\u00e9nette\"},\"image\":{\"@id\":\"https:\/\/www.nenette.fr\/en\/#\/schema\/logo\/image\/\"},\"sameAs\":[\"https:\/\/www.instagram.com\/laveritablenenetteofficiel\/\",\"https:\/\/www.youtube.com\/channel\/UCn9hDVb2BAhEdjAzPGNfxAw\",\"https:\/\/www.facebook.com\/laveritablenenette\/\"]}]}<\/script>\n<!-- \/ Yoast SEO plugin. -->","yoast_head_json":{"title":"Nenette\u00ae Natural Sponge - La V\u00e9ritable N\u00e9nette\u00ae","description":"Ultra resistante! Ultra Absorptive! Biodegradable.  Fabriqu\u00e9e en France \u00e0 partir de cellulose, l\u2019\u00e9ponge N\u00e9nette\u00ae est biod\u00e9gradable. Tr\u00e8s r\u00e9sistante, super absorbante, elle vous permettra de nettoyer votre carrosserie avec efficacit\u00e9. - nettoyant pour voiture","robots":{"index":"index","follow":"follow","max-snippet":"max-snippet:-1","max-image-preview":"max-image-preview:large","max-video-preview":"max-video-preview:-1"},"canonical":"https:\/\/www.nenette.fr\/en\/boutique\/nenette-natural-sponge\/","og_locale":"en_US","og_type":"article","og_title":"Nenette\u00ae Natural Sponge - La V\u00e9ritable N\u00e9nette\u00ae","og_description":"Ultra resistante! Ultra Absorptive! Biodegradable.  Fabriqu\u00e9e en France \u00e0 partir de cellulose, l\u2019\u00e9ponge N\u00e9nette\u00ae est biod\u00e9gradable. Tr\u00e8s r\u00e9sistante, super absorbante, elle vous permettra de nettoyer votre carrosserie avec efficacit\u00e9. - nettoyant pour voiture","og_url":"https:\/\/www.nenette.fr\/en\/boutique\/nenette-natural-sponge\/","og_site_name":"La V\u00e9ritable N\u00e9nette\u00ae","article_publisher":"https:\/\/www.facebook.com\/laveritablenenette\/","article_modified_time":"2026-03-27T23:00:51+00:00","og_image":[{"width":1200,"height":1563,"url":"https:\/\/www.nenette.fr\/wp-content\/uploads\/2019\/04\/Nenette_Produit_Eponge_01.jpg","type":"image\/jpeg"}],"twitter_card":"summary_large_image","twitter_misc":{"Est. reading time":"1 minute"},"schema":{"@context":"https:\/\/schema.org","@graph":[{"@type":"WebPage","@id":"https:\/\/www.nenette.fr\/en\/boutique\/nenette-natural-sponge\/","url":"https:\/\/www.nenette.fr\/en\/boutique\/nenette-natural-sponge\/","name":"Nenette\u00ae Natural Sponge - La V\u00e9ritable N\u00e9nette\u00ae","isPartOf":{"@id":"https:\/\/www.nenette.fr\/en\/#website"},"datePublished":"2019-04-09T13:24:54+00:00","dateModified":"2026-03-27T23:00:51+00:00","description":"Ultra resistante! Ultra Absorptive! Biodegradable. Fabriqu\u00e9e en France \u00e0 partir de cellulose, l\u2019\u00e9ponge N\u00e9nette\u00ae est biod\u00e9gradable. Tr\u00e8s r\u00e9sistante, super absorbante, elle vous permettra de nettoyer votre carrosserie avec efficacit\u00e9. - nettoyant pour voiture","breadcrumb":{"@id":"https:\/\/www.nenette.fr\/en\/boutique\/nenette-natural-sponge\/#breadcrumb"},"inLanguage":"en-US","potentialAction":[{"@type":"ReadAction","target":["https:\/\/www.nenette.fr\/en\/boutique\/nenette-natural-sponge\/"]}]},{"@type":"BreadcrumbList","@id":"https:\/\/www.nenette.fr\/en\/boutique\/nenette-natural-sponge\/#breadcrumb","itemListElement":[{"@type":"ListItem","position":1,"name":"Accueil","item":"https:\/\/www.nenette.fr\/en\/"},{"@type":"ListItem","position":2,"name":"La N\u00e9nette: your ally","item":"https:\/\/www.nenette.fr\/en\/shop\/"},{"@type":"ListItem","position":3,"name":"Nenette\u00ae Natural Sponge"}]},{"@type":"WebSite","@id":"https:\/\/www.nenette.fr\/en\/#website","url":"https:\/\/www.nenette.fr\/en\/","name":"La V\u00e9ritable N\u00e9nette\u00ae","description":"nettoyant pour voiture","publisher":{"@id":"https:\/\/www.nenette.fr\/en\/#organization"},"potentialAction":[{"@type":"SearchAction","target":{"@type":"EntryPoint","urlTemplate":"https:\/\/www.nenette.fr\/en\/?s={search_term_string}"},"query-input":"required name=search_term_string"}],"inLanguage":"en-US"},{"@type":"Organization","@id":"https:\/\/www.nenette.fr\/en\/#organization","name":"La V\u00e9ritable N\u00e9nette","url":"https:\/\/www.nenette.fr\/en\/","logo":{"@type":"ImageObject","inLanguage":"en-US","@id":"https:\/\/www.nenette.fr\/en\/#\/schema\/logo\/image\/","url":"https:\/\/www.nenette.fr\/wp-content\/uploads\/2019\/03\/logo_nenette.gif","contentUrl":"https:\/\/www.nenette.fr\/wp-content\/uploads\/2019\/03\/logo_nenette.gif","width":250,"height":126,"caption":"La V\u00e9ritable N\u00e9nette"},"image":{"@id":"https:\/\/www.nenette.fr\/en\/#\/schema\/logo\/image\/"},"sameAs":["https:\/\/www.instagram.com\/laveritablenenetteofficiel\/","https:\/\/www.youtube.com\/channel\/UCn9hDVb2BAhEdjAzPGNfxAw","https:\/\/www.facebook.com\/laveritablenenette\/"]}]}},"_links":{"self":[{"href":"https:\/\/www.nenette.fr\/en\/wp-json\/wp\/v2\/product\/835"}],"collection":[{"href":"https:\/\/www.nenette.fr\/en\/wp-json\/wp\/v2\/product"}],"about":[{"href":"https:\/\/www.nenette.fr\/en\/wp-json\/wp\/v2\/types\/product"}],"replies":[{"embeddable":true,"href":"https:\/\/www.nenette.fr\/en\/wp-json\/wp\/v2\/comments?post=835"}],"wp:featuredmedia":[{"embeddable":true,"href":"https:\/\/www.nenette.fr\/en\/wp-json\/wp\/v2\/media\/346"}],"wp:attachment":[{"href":"https:\/\/www.nenette.fr\/en\/wp-json\/wp\/v2\/media?parent=835"}],"wp:term":[{"taxonomy":"product_cat","embeddable":true,"href":"https:\/\/www.nenette.fr\/en\/wp-json\/wp\/v2\/product_cat?post=835"},{"taxonomy":"product_tag","embeddable":true,"href":"https:\/\/www.nenette.fr\/en\/wp-json\/wp\/v2\/product_tag?post=835"}],"curies":[{"name":"wp","href":"https:\/\/api.w.org\/{rel}","templated":true}]}}